{"id":5,"date":"2011-09-14T13:05:51","date_gmt":"2011-09-14T13:05:51","guid":{"rendered":"http:\/\/www.newlearning.es\/?page_id=5"},"modified":"2019-05-23T16:19:23","modified_gmt":"2019-05-23T16:19:23","slug":"contacto","status":"publish","type":"page","link":"http:\/\/www.newlearning.es\/?page_id=5","title":{"rendered":"Contacto"},"content":{"rendered":"<p><strong>Direcci\u00f3n:<\/strong><\/p>\n<p>Avenida Doctor Artero, 4<\/p>\n<p>Huesca<\/p>\n<p><strong>Tel\u00e9fono:<\/strong> 974 701 201<\/p>\n<p><strong>Email: <\/strong>newlearninghuesca@gmail.com<\/p>\n<p><strong>HORARIOS DE ATENCI\u00d3N AL P\u00daBLICO:<\/strong><\/p>\n<p>Ma\u00f1anas<strong>: De 10.30h a 13.30h<\/strong><\/p>\n<p>Tardes<strong>: De 16.30h a 19.00h<\/strong><\/p>\n\n\n<p><\/p>\n","protected":false},"excerpt":{"rendered":"<p>Direcci\u00f3n: Avenida Doctor Artero, 4 Huesca Tel\u00e9fono: 974 701 201 Email: newlearninghuesca@gmail.com HORARIOS DE ATENCI\u00d3N AL P\u00daBLICO: Ma\u00f1anas: De 10.30h a 13.30h Tardes: De 16.30h a 19.00h<\/p>\n","protected":false},"author":1,"featured_media":0,"parent":0,"menu_order":0,"comment_status":"closed","ping_status":"closed","template":"","meta":{"footnotes":""},"class_list":["post-5","page","type-page","status-publish","hentry"],"_links":{"self":[{"href":"http:\/\/www.newlearning.es\/index.php?rest_route=\/wp\/v2\/pages\/5","targetHints":{"allow":["GET"]}}],"collection":[{"href":"http:\/\/www.newlearning.es\/index.php?rest_route=\/wp\/v2\/pages"}],"about":[{"href":"http:\/\/www.newlearning.es\/index.php?rest_route=\/wp\/v2\/types\/page"}],"author":[{"embeddable":true,"href":"http:\/\/www.newlearning.es\/index.php?rest_route=\/wp\/v2\/users\/1"}],"replies":[{"embeddable":true,"href":"http:\/\/www.newlearning.es\/index.php?rest_route=%2Fwp%2Fv2%2Fcomments&post=5"}],"version-history":[{"count":9,"href":"http:\/\/www.newlearning.es\/index.php?rest_route=\/wp\/v2\/pages\/5\/revisions"}],"predecessor-version":[{"id":176,"href":"http:\/\/www.newlearning.es\/index.php?rest_route=\/wp\/v2\/pages\/5\/revisions\/176"}],"wp:attachment":[{"href":"http:\/\/www.newlearning.es\/index.php?rest_route=%2Fwp%2Fv2%2Fmedia&parent=5"}],"curies":[{"name":"wp","href":"https:\/\/api.w.org\/{rel}","templated":true}]}}