{"id":174,"date":"2019-05-23T16:17:06","date_gmt":"2019-05-23T16:17:06","guid":{"rendered":"http:\/\/www.newlearning.es\/?page_id=174"},"modified":"2019-05-27T16:21:14","modified_gmt":"2019-05-27T16:21:14","slug":"contact","status":"publish","type":"page","link":"https:\/\/www.newlearning.es\/?page_id=174","title":{"rendered":"Contact"},"content":{"rendered":"\n<p><strong>Adresse:<\/strong><\/p>\n\n\n\n<p>4 Avenue Doctor Artero, <\/p>\n\n\n\n<p>Huesca<\/p>\n\n\n\n<p><strong>T\u00e9l\u00e9phone:<\/strong> +34 974 701 201<\/p>\n\n\n\n<p><strong>Email: <\/strong>newlearninghuesca@gmail.com<\/p>\n\n\n\n<p><strong>HORAIRES<\/strong>:<\/p>\n\n\n\n<p><strong>Matin: <\/strong>De 10h30 \u00e0 13h30<\/p>\n\n\n\n<p><strong>Apr\u00e8s-midi: <\/strong>De 16h30 \u00e0 19h00<\/p>\n","protected":false},"excerpt":{"rendered":"<p>Adresse: 4 Avenue Doctor Artero, Huesca T\u00e9l\u00e9phone: +34 974 701 201 Email: newlearninghuesca@gmail.com HORAIRES: Matin: De 10h30 \u00e0 13h30 Apr\u00e8s-midi: De 16h30 \u00e0 19h00<\/p>\n","protected":false},"author":1,"featured_media":0,"parent":0,"menu_order":0,"comment_status":"closed","ping_status":"closed","template":"","meta":{"footnotes":""},"class_list":["post-174","page","type-page","status-publish","hentry"],"_links":{"self":[{"href":"https:\/\/www.newlearning.es\/index.php?rest_route=\/wp\/v2\/pages\/174","targetHints":{"allow":["GET"]}}],"collection":[{"href":"https:\/\/www.newlearning.es\/index.php?rest_route=\/wp\/v2\/pages"}],"about":[{"href":"https:\/\/www.newlearning.es\/index.php?rest_route=\/wp\/v2\/types\/page"}],"author":[{"embeddable":true,"href":"https:\/\/www.newlearning.es\/index.php?rest_route=\/wp\/v2\/users\/1"}],"replies":[{"embeddable":true,"href":"https:\/\/www.newlearning.es\/index.php?rest_route=%2Fwp%2Fv2%2Fcomments&post=174"}],"version-history":[{"count":2,"href":"https:\/\/www.newlearning.es\/index.php?rest_route=\/wp\/v2\/pages\/174\/revisions"}],"predecessor-version":[{"id":177,"href":"https:\/\/www.newlearning.es\/index.php?rest_route=\/wp\/v2\/pages\/174\/revisions\/177"}],"wp:attachment":[{"href":"https:\/\/www.newlearning.es\/index.php?rest_route=%2Fwp%2Fv2%2Fmedia&parent=174"}],"curies":[{"name":"wp","href":"https:\/\/api.w.org\/{rel}","templated":true}]}}