{"id":202,"date":"2019-05-28T09:12:24","date_gmt":"2019-05-28T09:12:24","guid":{"rendered":"http:\/\/www.newlearning.es\/?page_id=202"},"modified":"2019-05-28T09:12:24","modified_gmt":"2019-05-28T09:12:24","slug":"services-2","status":"publish","type":"page","link":"https:\/\/www.newlearning.es\/?page_id=202","title":{"rendered":"Services"},"content":{"rendered":"\n<p><strong>Recherche de stage<\/strong>: <\/p>\n\n\n\n<p>Nous vous proposons une solution int\u00e9grale:<\/p>\n\n\n\n<p>-Nous mettons \u00e0 votre service l\u2019expertise et le s\u00e9rieux de nos enseignants afin d\u2019aider les \u00e9tudiants dans la recherche de stage en Espagne dans le cadre de leurs \u00e9tudes.<\/p>\n\n\n\n<p>-Nous fournissons aux candidats s\u00e9lectionn\u00e9s la possibilit\u00e9 de r\u00e9aliser un&nbsp; stage dans une entreprise de la r\u00e9gion afin que ces derniers puissent non seulement r\u00e9aliser leurs stages obligatoires, mais \u00e9galement am\u00e9liorer la pratique de la langue.<\/p>\n\n\n\n<p>-Diff\u00e9rents types de stages sont propos\u00e9s selon les crit\u00e8res et besoins de chaque \u00e9tudiant, afin qu\u2019il puisse atteindre avec succ\u00e8s l\u2019objectif du stage demand\u00e9 par votre \u00e9tablissement.<\/p>\n\n\n\n<p>-Nous organisons avec les entprises de la r\u00e9gion des activit\u00e9s culturelles, des cours ainsi qu\u2019une possible visite de la ville et de ses alentours.<\/p>\n\n\n\n<p>\u2013 Nous compl\u00e9tons nos services avec la proposition d\u2019h\u00e9bergements adapt\u00e9es aux jeunes \u00e9tudiants ce qui est sans nul doute indispensable pour la r\u00e9alisation d\u2019un stage.<\/p>\n\n\n\n<p>-Nous restons \u00e0 votre disposition pour toutes informations suppl\u00e9mentaires, et r\u00e9pondre aux diff\u00e9rentes demandes des \u00e9tudiants.<\/p>\n\n\n\n<p><strong>Cours intensifs au moins de Juillet<\/strong>: <\/p>\n\n\n\n<p>Nous fournissons des services pour les \u00e9tudiants qui souhaiteraient d\u00e9velopper leurs comp\u00e9tences en espagnol, par le billet d\u2019un apprentissage de la langue avec des cours adapt\u00e9s, d\u2019une dur\u00e9e de 60 heures dans notre academie.<\/p>\n\n\n\n<p>De plus, nous pouvons organis\u00e9 et faire le lien avec d\u2019autres entreprises de la r\u00e9gion pour r\u00e9aliser des activit\u00e9s d\u2019aventure: ( Rafting, Hidrospeed, Cano\u00e9-Kayak), une visite de la ville et de ses alentours, ainsi la recherche d\u2019un potentiel h\u00e9bergement pour les \u00e9tudiants.<\/p>\n\n\n\n<p>Cette formation est disponible du 1 Juillet au 31 Juillet, uniquement r\u00e9serv\u00e9e aux personnes \u00e2g\u00e9es de plus de 18 ans.<\/p>\n\n\n\n<div class=\"wp-block-image\"><figure class=\"aligncenter\"><img decoding=\"async\" src=\"http:\/\/www.newlearning.es\/wp-content\/uploads\/2019\/05\/image.png\" alt=\"\"\/><\/figure><\/div>\n","protected":false},"excerpt":{"rendered":"<p>Recherche de stage: Nous vous proposons une solution int\u00e9grale: -Nous mettons \u00e0 votre service l\u2019expertise et le s\u00e9rieux de nos enseignants afin d\u2019aider les \u00e9tudiants dans la recherche de stage en Espagne dans le cadre de leurs \u00e9tudes. -Nous fournissons &hellip; <a href=\"https:\/\/www.newlearning.es\/?page_id=202\">Sigue leyendo <span class=\"meta-nav\">&rarr;<\/span><\/a><\/p>\n","protected":false},"author":1,"featured_media":0,"parent":0,"menu_order":0,"comment_status":"closed","ping_status":"closed","template":"","meta":{"footnotes":""},"class_list":["post-202","page","type-page","status-publish","hentry"],"_links":{"self":[{"href":"https:\/\/www.newlearning.es\/index.php?rest_route=\/wp\/v2\/pages\/202","targetHints":{"allow":["GET"]}}],"collection":[{"href":"https:\/\/www.newlearning.es\/index.php?rest_route=\/wp\/v2\/pages"}],"about":[{"href":"https:\/\/www.newlearning.es\/index.php?rest_route=\/wp\/v2\/types\/page"}],"author":[{"embeddable":true,"href":"https:\/\/www.newlearning.es\/index.php?rest_route=\/wp\/v2\/users\/1"}],"replies":[{"embeddable":true,"href":"https:\/\/www.newlearning.es\/index.php?rest_route=%2Fwp%2Fv2%2Fcomments&post=202"}],"version-history":[{"count":1,"href":"https:\/\/www.newlearning.es\/index.php?rest_route=\/wp\/v2\/pages\/202\/revisions"}],"predecessor-version":[{"id":203,"href":"https:\/\/www.newlearning.es\/index.php?rest_route=\/wp\/v2\/pages\/202\/revisions\/203"}],"wp:attachment":[{"href":"https:\/\/www.newlearning.es\/index.php?rest_route=%2Fwp%2Fv2%2Fmedia&parent=202"}],"curies":[{"name":"wp","href":"https:\/\/api.w.org\/{rel}","templated":true}]}}