{"id":209,"date":"2019-05-28T09:51:07","date_gmt":"2019-05-28T09:51:07","guid":{"rendered":"http:\/\/www.newlearning.es\/?page_id=209"},"modified":"2019-05-28T15:25:32","modified_gmt":"2019-05-28T15:25:32","slug":"langues-2","status":"publish","type":"page","link":"https:\/\/www.newlearning.es\/?page_id=209","title":{"rendered":"Langues"},"content":{"rendered":"\n<p><strong>Dans notre acad\u00e9mie, nous vous proposons l&#8217;apprentissage des langues suivantes: <\/strong><\/p>\n\n\n\n<p>-Anglais                                                                                                                                                      -Fran\u00e7ais                                                                                                                                                    -Espagnol                                                                                                                                                        -Russe                                                                                                                                                        -Catalan<\/p>\n\n\n\n<p><strong>Pr\u00e9paration des examens officiels selon le \u00abCadre europ\u00e9en commun de r\u00e9f\u00e9rence pour les langues\u00bb. Cambridge et Trinity College London<\/strong>: <\/p>\n\n\n\n<p>.A1-D\u00e9butant                                                                                                                                                               .A2-\u00c9l\u00e9mentaire                                                                                                                                                                                            .B1-Interm\u00e9diaire faible                                                                                                                                 .B2-Interm\u00e9diaire fort                                                                                                                                           .C1-Avanc\u00e9                                                                                                                                                                                   .C2-Sup\u00e9rieur  <\/p>\n\n\n\n<p>Nous travaillons avec des m\u00e9thodes d&#8217;enseignement constamment mises \u00e0 jour. Les petits groupes, maximum de six \u00e9tudiants, nous permettent un traitement personnalis\u00e9 avec chacun de nos \u00e9tudiants. Nos cours sont principalement ax\u00e9s sur la communication, l&#8217;accent \u00e9tant mis sur le langage oral. Nous trasmettons notre savoir, ce qui repr\u00e9sente la meilleure formation linguistique: exp\u00e9rience, personnel enseignant comp\u00e9tent, m\u00e9thode et service. <\/p>\n\n\n\n<div class=\"wp-block-image\"><figure class=\"aligncenter is-resized\"><img loading=\"lazy\" decoding=\"async\" src=\"http:\/\/www.newlearning.es\/wp-content\/uploads\/2019\/05\/image-1.png\" alt=\"\" width=\"231\" height=\"65\"\/><\/figure><\/div>\n\n\n\n<p>Nous sommes certifi\u00e9 par le centre des examinateurs officiels du TRINITY COLLEGE LONDON. Trinity College London est une organisation britannique qui, depuis sa fondation en 1877, a d\u00e9velopp\u00e9 un important r\u00e9seau d&#8217;examinateur de langue \u00e9trang\u00e8re, ESOL, qui comprend, outre les examens traditionnels, les examens GESE (Graded Exams in English, oral), les examens ISE (Comp\u00e9tences int\u00e9gr\u00e9es en anglais &#8211; oral et \u00e9crit) et SEW (anglais parl\u00e9 au travail). \u00c0 l&#8217;heure actuelle, des milliers d&#8217;\u00e9tudiants, dans le monde entier subissent les examens Trinity comme un outil essentiel pour d\u00e9terminer leur niveau actuel d&#8217;utilisation pratique de la langue anglaise et son application directe aux niveaux \u00e9ducatif, professionnel et commercial. Les examens du Trinity College London jouissent d&#8217;une reconnaissance internationale de la part des universit\u00e9s, des entreprises, des organisations et des institutions. ils sont enti\u00e8rement accr\u00e9dit\u00e9s par les autorit\u00e9s \u00e9ducatives britanniques par le biais de l&#8217;OFQUAL (r\u00e8glement relatif \u00e0 l&#8217;Office des qualifications et des examens), inclus dans le CEC (cadre europ\u00e9en des certifications); et approuv\u00e9 par la UKBA (UK Broder Agency). <\/p>\n\n\n\n<p>En Espagne, les certificats Trinity sont largement reconnus par les autorit\u00e9s \u00e9ducatives des diff\u00e9rentes communaut\u00e9s autonomes et sont activement utilis\u00e9s depuis des ann\u00e9es dans les projets d\u2019\u00e9ducation bilingue. Les examens du Trinity College London offrent un parcours d\u2019apprentissage progressif et complet, du d\u00e9but \u00e0 la fin du niveau A1, adapt\u00e9 aux \u00e9tudiants les plus jeunes, jusqu\u2019au niveau le plus avanc\u00e9 C2. <\/p>\n\n\n\n<p style=\"text-align:center\"><strong>Fran\u00e7ais:<\/strong><\/p>\n\n\n\n<div class=\"wp-block-image\"><figure class=\"aligncenter is-resized\"><img loading=\"lazy\" decoding=\"async\" src=\"https:\/\/www.gif-maniac.com\/gifs\/47\/46740.gif\" alt=\"france drapeaux 30\" width=\"29\" height=\"20\"\/><\/figure><\/div>\n\n\n\n<p>Nos cours de fran\u00e7ais sont donn\u00e9s par des professeurs natifs. Tous les niveaux, cours pour enfants et adultes. Si vous avez d\u00e9j\u00e0 un haut niveau de fran\u00e7ais, inscrivez-vous \u00e0 nos cours de conversation. Cours intensifs. Si vous avez besoin d&#8217;un apprentissage sp\u00e9cifique ou d&#8217;une pr\u00e9paration \u00e0 l&#8217;examen. En petits groupes, avec une immersion totale pour atteindre vos objectifs. Nous avons une vaste exp\u00e9rience dans la pr\u00e9paration des examens DELF et DALF. Nous connaissons les diff\u00e9rents types d&#8217;examens et fournissons \u00e0 nos \u00e9tudiants les strat\u00e9gies pour les r\u00e9ussir. <\/p>\n","protected":false},"excerpt":{"rendered":"<p>Dans notre acad\u00e9mie, nous vous proposons l&#8217;apprentissage des langues suivantes: -Anglais -Fran\u00e7ais -Espagnol -Russe -Catalan Pr\u00e9paration des examens officiels selon le \u00abCadre europ\u00e9en commun de r\u00e9f\u00e9rence pour les langues\u00bb. Cambridge et Trinity College London: .A1-D\u00e9butant .A2-\u00c9l\u00e9mentaire .B1-Interm\u00e9diaire faible .B2-Interm\u00e9diaire fort &hellip; <a href=\"https:\/\/www.newlearning.es\/?page_id=209\">Sigue leyendo <span class=\"meta-nav\">&rarr;<\/span><\/a><\/p>\n","protected":false},"author":1,"featured_media":0,"parent":0,"menu_order":0,"comment_status":"closed","ping_status":"closed","template":"","meta":{"footnotes":""},"class_list":["post-209","page","type-page","status-publish","hentry"],"_links":{"self":[{"href":"https:\/\/www.newlearning.es\/index.php?rest_route=\/wp\/v2\/pages\/209","targetHints":{"allow":["GET"]}}],"collection":[{"href":"https:\/\/www.newlearning.es\/index.php?rest_route=\/wp\/v2\/pages"}],"about":[{"href":"https:\/\/www.newlearning.es\/index.php?rest_route=\/wp\/v2\/types\/page"}],"author":[{"embeddable":true,"href":"https:\/\/www.newlearning.es\/index.php?rest_route=\/wp\/v2\/users\/1"}],"replies":[{"embeddable":true,"href":"https:\/\/www.newlearning.es\/index.php?rest_route=%2Fwp%2Fv2%2Fcomments&post=209"}],"version-history":[{"count":6,"href":"https:\/\/www.newlearning.es\/index.php?rest_route=\/wp\/v2\/pages\/209\/revisions"}],"predecessor-version":[{"id":221,"href":"https:\/\/www.newlearning.es\/index.php?rest_route=\/wp\/v2\/pages\/209\/revisions\/221"}],"wp:attachment":[{"href":"https:\/\/www.newlearning.es\/index.php?rest_route=%2Fwp%2Fv2%2Fmedia&parent=209"}],"curies":[{"name":"wp","href":"https:\/\/api.w.org\/{rel}","templated":true}]}}