{"id":224,"date":"2019-05-28T15:27:55","date_gmt":"2019-05-28T15:27:55","guid":{"rendered":"http:\/\/www.newlearning.es\/?page_id=224"},"modified":"2019-05-28T16:33:32","modified_gmt":"2019-05-28T16:33:32","slug":"cours","status":"publish","type":"page","link":"https:\/\/www.newlearning.es\/?page_id=224","title":{"rendered":"Cours"},"content":{"rendered":"\n<p><strong>Robotique et Informatique:<\/strong><\/p>\n\n\n\n<p>Les enfants apprennent l&#8217;informatique dans une atmosph\u00e8re agr\u00e9able et avec la participation active de chaque \u00e9l\u00e8ve: Environnement Windows 10, Office,logiciel Scratch programmes d&#8217;\u00e9dition photographique, dactylographie sur ordinateur, programmation de robot Lego Mindstorms, Lego Wedo 2.0 et utilisation de la technologie 3D.                        Comme nouveaut\u00e9, nous int\u00e9grons l&#8217;anglais dans nos cours d&#8217;informatique. La pens\u00e9e logique est tr\u00e8s important de travailler \u00e0 partir du plus t\u00f4t possible.                                                     Cours de robotique de 12 \u00e0 13 h. <\/p>\n\n\n\n<div class=\"wp-block-image\"><figure class=\"aligncenter is-resized\"><img loading=\"lazy\" decoding=\"async\" src=\"https:\/\/www.gif-maniac.com\/gifs\/38\/38375.gif\" alt=\"Resultado de imagen de gif robotique\" width=\"93\" height=\"93\"\/><\/figure><\/div>\n\n\n\n<p><strong>Cours \u00e0 l&#8217;\u00e9tranger:<\/strong><\/p>\n\n\n\n<p> Nous g\u00e9rons les s\u00e9jours \u00e0 l&#8217;\u00e9tranger pour perfectionner la langue.                                                       Cours intensifs, ann\u00e9e scolaire, programmes familiaux, pr\u00e9paration aux examens officiels &#8230;  Dans diff\u00e9rent pays tel que: Grande-Bretagne, Irlande, \u00c9tats-Unis, Canada, France, Italie, Belgique, Suisse, Autriche, Malte, Australie. <\/p>\n\n\n\n<p> Un large \u00e9ventail de programmes, dans lesquels l&#8217;apprentissage des langues et les loisirs sont combin\u00e9s. Les meilleures organisations et \u00e9coles sont s\u00e9l\u00e9ctionn\u00e9es pour que vos enfants puissent d\u00e9velopper un cours acad\u00e9mique \u00e0 l&#8217;\u00e9tranger. Pour les plus grands,la possibilit\u00e9 d&#8217;\u00e9tudier la langue et d&#8217;autres mati\u00e8res professionnelles: commerce, informatique, h\u00f4tellerie, tourisme, secr\u00e9tariat, graphisme, etc.  Ce sont g\u00e9n\u00e9ralement des formations courtes, intensives et adapt\u00e9es \u00e0 chaque besoin: cadres, \u00e9conomistes, avocats, m\u00e9decins, professeurs, informatique, administration, hospitalit\u00e9, etc. <\/p>\n\n\n\n<p><strong>Activit\u00e9s extrascolaires<\/strong>:<\/p>\n\n\n\n<p>De 12h00 \u00e0 13h00, au cours de l&#8217;ann\u00e9e scolaire, de octobre \u00e0 mai,, nous organisons des activit\u00e9s extra-polarisantes combinant l&#8217;enseignement de l&#8217;anglais, du fran\u00e7ais, de l&#8217;informatique et de la robotique. Nous organisons \u00e9galement des cours externes pour les programmes parascolaires des \u00e9coles, des cr\u00e8ches et des centres AMYPAS de Huesca ou de la province.                                                                                                                                                               Les apr\u00e8s-midi, nous enseignons \u00e9galement l&#8217;anglais, le fran\u00e7ais, les sciences et les techniques d&#8217;\u00e9tude.  <\/p>\n\n\n\n<p><strong>Soutien aux \u00e9tudes:<\/strong><\/p>\n\n\n\n<p>Cours destin\u00e9s aux \u00e9l\u00e8ves ayant besoin d&#8217;une aide suppl\u00e9mentaire, du primaire au baccalaur\u00e9at. En petits groupes d\u2019\u00e9l\u00e8ves garantissant une attention personnalis\u00e9e. Soutien scolaire avec contr\u00f4le des devoirs, techniques d&#8217;\u00e9tude. Nous sommes en contact permanent avec les parents. Suivi personnalis\u00e9 avec des enseignants qui poss\u00e8dent de l&#8217;exp\u00e9rience dans l&#8217;enseignement primaire, secondaire et Bachiller.<\/p>\n","protected":false},"excerpt":{"rendered":"<p>Robotique et Informatique: Les enfants apprennent l&#8217;informatique dans une atmosph\u00e8re agr\u00e9able et avec la participation active de chaque \u00e9l\u00e8ve: Environnement Windows 10, Office,logiciel Scratch programmes d&#8217;\u00e9dition photographique, dactylographie sur ordinateur, programmation de robot Lego Mindstorms, Lego Wedo 2.0 et utilisation &hellip; <a href=\"https:\/\/www.newlearning.es\/?page_id=224\">Sigue leyendo <span class=\"meta-nav\">&rarr;<\/span><\/a><\/p>\n","protected":false},"author":1,"featured_media":0,"parent":0,"menu_order":0,"comment_status":"closed","ping_status":"closed","template":"","meta":{"footnotes":""},"class_list":["post-224","page","type-page","status-publish","hentry"],"_links":{"self":[{"href":"https:\/\/www.newlearning.es\/index.php?rest_route=\/wp\/v2\/pages\/224","targetHints":{"allow":["GET"]}}],"collection":[{"href":"https:\/\/www.newlearning.es\/index.php?rest_route=\/wp\/v2\/pages"}],"about":[{"href":"https:\/\/www.newlearning.es\/index.php?rest_route=\/wp\/v2\/types\/page"}],"author":[{"embeddable":true,"href":"https:\/\/www.newlearning.es\/index.php?rest_route=\/wp\/v2\/users\/1"}],"replies":[{"embeddable":true,"href":"https:\/\/www.newlearning.es\/index.php?rest_route=%2Fwp%2Fv2%2Fcomments&post=224"}],"version-history":[{"count":4,"href":"https:\/\/www.newlearning.es\/index.php?rest_route=\/wp\/v2\/pages\/224\/revisions"}],"predecessor-version":[{"id":231,"href":"https:\/\/www.newlearning.es\/index.php?rest_route=\/wp\/v2\/pages\/224\/revisions\/231"}],"wp:attachment":[{"href":"https:\/\/www.newlearning.es\/index.php?rest_route=%2Fwp%2Fv2%2Fmedia&parent=224"}],"curies":[{"name":"wp","href":"https:\/\/api.w.org\/{rel}","templated":true}]}}