{"id":23,"date":"2012-03-13T16:33:38","date_gmt":"2012-03-13T16:33:38","guid":{"rendered":"http:\/\/www.newlearning.es\/?page_id=23"},"modified":"2019-05-23T16:27:23","modified_gmt":"2019-05-23T16:27:23","slug":"cursos-extranjero","status":"publish","type":"page","link":"https:\/\/www.newlearning.es\/?page_id=23","title":{"rendered":"Cursos extranjero"},"content":{"rendered":"<p>Gestionamos estancias en el extranjero para perfeccionar el idioma. Cursos intensivos, a\u00f1o escolar, programas en familia, preparaci\u00f3n de ex\u00e1menes oficiales&#8230;<\/p>\n<p>Somos delegados para la provincia de Huesca de Astex, Schooltravel, Easy languages abroad.<\/p>\n<p><strong>NI\u00d1OS Y J\u00d3VENES:<\/strong><\/p>\n<p>Gran Breta\u00f1a, Irlanda, Estados Unidos, Canad\u00e1, Francia, Italia, B\u00e9lgica, Suiza, Austria, Malta, Australia.<\/p>\n<p><strong><em>Curso Escolar<\/em><\/strong><\/p>\n<p>Las mejores organizaciones y colegios para que sus hijos puedan desarrollar un Curso Acad\u00e9mico en el Extranjero.<\/p>\n<p><strong><em>Verano<\/em><\/strong><\/p>\n<p>Una amplia gama de programas, en los que se combina el aprendizaje de la lengua y las actividades de tiempo libre.<\/p>\n<p><strong>ADULTOS:<\/strong><\/p>\n<p>Gran Breta\u00f1a, Irlanda, Estados Unidos, Canad\u00e1, Francia, Italia, B\u00e9lgica, Suiza, Austria, Malta, Australia.<\/p>\n<p><strong><em>Curso de Idioma general<\/em><\/strong><\/p>\n<p>Le brindan la posibilidad de permanecer en un pa\u00eds estudiando su lengua en colaboraci\u00f3n con entidades, reconocidas por los organismos competentes en cada pa\u00eds.<\/p>\n<p><strong><em>Cursos subvencionados por la Uni\u00f3n Europea<\/em><\/strong><\/p>\n<p>Ofrecen la posibilidad de estudiar ingl\u00e9s y otras materias profesionales : Business, inform\u00e1tica, hosteler\u00eda, turismo, secretariado, dise\u00f1o gr\u00e1fico, etc.<\/p>\n<p><strong><em>Cursos para profesionales<\/em><\/strong><\/p>\n<p>Suelen ser cursos cortos, intensivos y adaptados a cada necesidad: ejecutivos, economistas, abogados, m\u00e9dicos, profesores, inform\u00e1tica, administraci\u00f3n, hosteler\u00eda, etc.<\/p>\n<p><strong><em>Pr\u00e1cticas remuneradas en empresas<\/em><\/strong><\/p>\n<p>Se realizan en empresas relacionadas con la actividad o inter\u00e9s profesional del participante: inform\u00e1tica, administraci\u00f3n y direcci\u00f3n de empresas, turismo, salud, hosteler\u00eda, etc.<\/p>\n<p><strong><em>Au-Pair<\/em><\/strong><\/p>\n<p>Cabe la posibilidad de combinarlo con un curso de idioma en general.<\/p>\n","protected":false},"excerpt":{"rendered":"<p>Gestionamos estancias en el extranjero para perfeccionar el idioma. Cursos intensivos, a\u00f1o escolar, programas en familia, preparaci\u00f3n de ex\u00e1menes oficiales&#8230; Somos delegados para la provincia de Huesca de Astex, Schooltravel, Easy languages abroad. NI\u00d1OS Y J\u00d3VENES: Gran Breta\u00f1a, Irlanda, Estados &hellip; <a href=\"https:\/\/www.newlearning.es\/?page_id=23\">Sigue leyendo <span class=\"meta-nav\">&rarr;<\/span><\/a><\/p>\n","protected":false},"author":1,"featured_media":0,"parent":0,"menu_order":0,"comment_status":"closed","ping_status":"closed","template":"","meta":{"footnotes":""},"class_list":["post-23","page","type-page","status-publish","hentry"],"_links":{"self":[{"href":"https:\/\/www.newlearning.es\/index.php?rest_route=\/wp\/v2\/pages\/23","targetHints":{"allow":["GET"]}}],"collection":[{"href":"https:\/\/www.newlearning.es\/index.php?rest_route=\/wp\/v2\/pages"}],"about":[{"href":"https:\/\/www.newlearning.es\/index.php?rest_route=\/wp\/v2\/types\/page"}],"author":[{"embeddable":true,"href":"https:\/\/www.newlearning.es\/index.php?rest_route=\/wp\/v2\/users\/1"}],"replies":[{"embeddable":true,"href":"https:\/\/www.newlearning.es\/index.php?rest_route=%2Fwp%2Fv2%2Fcomments&post=23"}],"version-history":[{"count":4,"href":"https:\/\/www.newlearning.es\/index.php?rest_route=\/wp\/v2\/pages\/23\/revisions"}],"predecessor-version":[{"id":155,"href":"https:\/\/www.newlearning.es\/index.php?rest_route=\/wp\/v2\/pages\/23\/revisions\/155"}],"wp:attachment":[{"href":"https:\/\/www.newlearning.es\/index.php?rest_route=%2Fwp%2Fv2%2Fmedia&parent=23"}],"curies":[{"name":"wp","href":"https:\/\/api.w.org\/{rel}","templated":true}]}}