{"id":236,"date":"2019-05-28T16:37:28","date_gmt":"2019-05-28T16:37:28","guid":{"rendered":"http:\/\/www.newlearning.es\/?page_id=236"},"modified":"2019-05-29T16:22:08","modified_gmt":"2019-05-29T16:22:08","slug":"campus","status":"publish","type":"page","link":"https:\/\/www.newlearning.es\/?page_id=236","title":{"rendered":"Campus"},"content":{"rendered":"\n<p> <strong>Campus d&#8217;\u00e9t\u00e9:<\/strong><\/p>\n\n\n\n<p style=\"text-align:left\">Programmes et activit\u00e9s pour cet \u00e9t\u00e9: Il y a des activit\u00e9s pour toutes \u00e2ges, de 4 ans jusqu&#8217;aux adultes.<\/p>\n\n\n\n<p>&#8211; <em>Le Campus fran\u00e7ais<\/em>, (\u00e9tudiants de 6 \u00e0 10 ans): durant le mois de juin et de juillet, de 9h \u00e0 13h. Sorties quotidiennes au cours desquelles les \u00e9tudiants travailleront sur l&#8217;expression et la compr\u00e9hension orale, avec une pr\u00e9paration pr\u00e9alable dans l&#8217;acad\u00e9mie du vocabulaire. Le moyen id\u00e9al pour combiner la pratique de la langue avec des activit\u00e9s ludiques. <\/p>\n\n\n\n<p>&#8211;<em>Le Campus anglais<\/em> (\u00e9tudiants de 6 \u00e0 10 ans): durant le mois de juin et de juillet, de 9h \u00e0 13h. Sorties quotidiennes, facilitant ainsi l\u2019immersion dans la langue. Apprendre l&#8217;anglais parraitra plus motivant et quelque chose de pratique, plus logique et naturel.<\/p>\n\n\n\n<p>&#8211;<em>DiverCamp<\/em> (Enfant\/\u00e9tudiants): se d\u00e9roule au mois de juin et de juillet, avec la possibilit\u00e9 d&#8217;une libre inscription chaques semaines. Au programme: r\u00e9alisation d&#8217;activit\u00e9s ludiques et p\u00e9dagogiques du lundi au vendredi de 9h \u00e0 13h avec des jeux en anglais, en fran\u00e7ais, des chansons et du sport. Les activit\u00e9s sont \u00e9ffectu\u00e9es dans l&#8217;acad\u00e9mie et dans le parc \u00abLas Miguelas\u00bb(Derri\u00e8re l&#8217;acad\u00e9mie). <\/p>\n\n\n\n<p>&#8211;<em>Campus \u00e9tranger<\/em> (\u00e0 partir de 7 ans): nous vous proposons une grande vari\u00e9t\u00e9 de programmes et de destinations afin que vous puissiez choisir celui qui r\u00e9pond le mieux \u00e0 vos besoins. Nous sommes des sous-d\u00e9l\u00e9gu\u00e9s d&#8217;Astex et de Schooltravel pour Huesca. A travers eux, nous organisons des s\u00e9jours de 1 semaine \u00e0 8 semaines; cours acad\u00e9miques \u00e0 l&#8217;\u00e9tranger; pratiques de travail; et beaucoup de possibilit\u00e9s pour votre formation. Astex et Schooltravel sont l&#8217;une des plus grandes entreprises espagnoles du secteur, avec plus de 27 ans d&#8217;exp\u00e9rience dans la gestion de la formation linguistique.<\/p>\n","protected":false},"excerpt":{"rendered":"<p>Campus d&#8217;\u00e9t\u00e9: Programmes et activit\u00e9s pour cet \u00e9t\u00e9: Il y a des activit\u00e9s pour toutes \u00e2ges, de 4 ans jusqu&#8217;aux adultes. &#8211; Le Campus fran\u00e7ais, (\u00e9tudiants de 6 \u00e0 10 ans): durant le mois de juin et de juillet, de &hellip; <a href=\"https:\/\/www.newlearning.es\/?page_id=236\">Sigue leyendo <span class=\"meta-nav\">&rarr;<\/span><\/a><\/p>\n","protected":false},"author":1,"featured_media":0,"parent":0,"menu_order":0,"comment_status":"closed","ping_status":"closed","template":"","meta":{"footnotes":""},"class_list":["post-236","page","type-page","status-publish","hentry"],"_links":{"self":[{"href":"https:\/\/www.newlearning.es\/index.php?rest_route=\/wp\/v2\/pages\/236","targetHints":{"allow":["GET"]}}],"collection":[{"href":"https:\/\/www.newlearning.es\/index.php?rest_route=\/wp\/v2\/pages"}],"about":[{"href":"https:\/\/www.newlearning.es\/index.php?rest_route=\/wp\/v2\/types\/page"}],"author":[{"embeddable":true,"href":"https:\/\/www.newlearning.es\/index.php?rest_route=\/wp\/v2\/users\/1"}],"replies":[{"embeddable":true,"href":"https:\/\/www.newlearning.es\/index.php?rest_route=%2Fwp%2Fv2%2Fcomments&post=236"}],"version-history":[{"count":4,"href":"https:\/\/www.newlearning.es\/index.php?rest_route=\/wp\/v2\/pages\/236\/revisions"}],"predecessor-version":[{"id":243,"href":"https:\/\/www.newlearning.es\/index.php?rest_route=\/wp\/v2\/pages\/236\/revisions\/243"}],"wp:attachment":[{"href":"https:\/\/www.newlearning.es\/index.php?rest_route=%2Fwp%2Fv2%2Fmedia&parent=236"}],"curies":[{"name":"wp","href":"https:\/\/api.w.org\/{rel}","templated":true}]}}