{"id":26,"date":"2012-03-13T16:36:15","date_gmt":"2012-03-13T16:36:15","guid":{"rendered":"http:\/\/www.newlearning.es\/?page_id=26"},"modified":"2019-05-23T16:16:00","modified_gmt":"2019-05-23T16:16:00","slug":"campamentos","status":"publish","type":"page","link":"https:\/\/www.newlearning.es\/?page_id=26","title":{"rendered":"Campamentos"},"content":{"rendered":"<p style=\"text-align: left;\" align=\"center\"><strong>CAMPUS DE VERANO<\/strong><\/p>\n<p>Programas y actividades para este verano. &nbsp;Hay actividades desde los 4 a\u00f1os hasta adultos. Os explicamos muy brevemente el contenido de cada uno de los programas, no dud\u00e9is en preguntar y ampliar la informaci\u00f3n de aquello que m\u00e1s os interese.<\/p>\n<p><strong>Campus Newlearning en franc\u00e9s (alumnos de 6 a 10 a\u00f1os)<\/strong>: En junio y julio con horario de 9 a 13h. Se realizar\u00e1n &nbsp;salidas todos los d\u00edas, en las que los alumnos trabajar\u00e1n la expresi\u00f3n y comprensi\u00f3n oral, con una preparaci\u00f3n previa en la academia del vocabulario que se trabajar\u00e1 en cada visita. La manera perfecta de combinar la pr\u00e1ctica del idioma con actividades l\u00fadicas.<\/p>\n<p><strong>Campus Newlearning en ingl\u00e9s (alumnos de 6 a 10 a\u00f1os): <\/strong>En junio y julio con horario de 9 a 13h. Con salidas diarias <strong> <\/strong>que motivan a los alumnos, facilitando as\u00ed la inmersi\u00f3n en el idioma. Aprender ingl\u00e9s para algo pr\u00e1ctico les resulta m\u00e1s l\u00f3gico y natural.<\/p>\n<p><strong>DiverCamp (alumnos de Infantil): <\/strong>En junio y julio, con posibilidad de matricularse por semanas. Realizaci\u00f3n de actividades l\u00fadicas y formativas de 9 a 13h, de lunes a viernes: ingl\u00e9s, franc\u00e9s y juegos deportivos. Las actividades se desarrollar\u00e1n en la academia y en el parque de las Miguelas. Practicaremos el idioma a trav\u00e9s de actividades, juegos y canciones.<\/p>\n<p><strong>Adventure Camp Astex: <\/strong>Campamentos de idiomas intensivos con programas de deportes. En el Pirineo y Valdeca\u00f1as. Indicados para ni\u00f1os que salen por primera vez. Programas de &nbsp;inmersi\u00f3n ling\u00fc\u00edstica y actividades deportivas. Independientemente del programa elegido, todos los campers participar\u00e1n en un programa de actividades que incluye: nataci\u00f3n, baloncesto, f\u00fatbol, circuito de bicicleta, gimkana y excursiones los fines de semana. Los deportes se imparten por entrenadores de m\u00e1ximo nivel, titulados por la federaci\u00f3n espa\u00f1ola correspondiente.<\/p>\n<p><strong>Idiomas en el extranjero (desde 7 a\u00f1os):<\/strong> te ofertamos una gran variedad de programas y destinos diferentes para que elijas lo que mejor se adapte a tus necesidades. Somos &nbsp;subdelegados de Astex y Schooltravel para Huesca. A trav\u00e9s de ellos, organizamos estancias desde 1 semana hasta 8; cursos acad\u00e9micos en el extranjero; pr\u00e1cticas laborales; y un mont\u00f3n de posibilidades para tu formaci\u00f3n. Astex y Schooltravel son unas de las mayores empresas espa\u00f1olas del sector, con m\u00e1s&nbsp; de 27 a\u00f1os dedicados a gestionar la formaci\u00f3n en idiomas.<\/p>\n<p>&nbsp;<\/p>\n","protected":false},"excerpt":{"rendered":"<p>CAMPUS DE VERANO Programas y actividades para este verano. &nbsp;Hay actividades desde los 4 a\u00f1os hasta adultos. Os explicamos muy brevemente el contenido de cada uno de los programas, no dud\u00e9is en preguntar y ampliar la informaci\u00f3n de aquello que &hellip; <a href=\"https:\/\/www.newlearning.es\/?page_id=26\">Sigue leyendo <span class=\"meta-nav\">&rarr;<\/span><\/a><\/p>\n","protected":false},"author":1,"featured_media":0,"parent":0,"menu_order":0,"comment_status":"closed","ping_status":"closed","template":"","meta":{"footnotes":""},"class_list":["post-26","page","type-page","status-publish","hentry"],"_links":{"self":[{"href":"https:\/\/www.newlearning.es\/index.php?rest_route=\/wp\/v2\/pages\/26","targetHints":{"allow":["GET"]}}],"collection":[{"href":"https:\/\/www.newlearning.es\/index.php?rest_route=\/wp\/v2\/pages"}],"about":[{"href":"https:\/\/www.newlearning.es\/index.php?rest_route=\/wp\/v2\/types\/page"}],"author":[{"embeddable":true,"href":"https:\/\/www.newlearning.es\/index.php?rest_route=\/wp\/v2\/users\/1"}],"replies":[{"embeddable":true,"href":"https:\/\/www.newlearning.es\/index.php?rest_route=%2Fwp%2Fv2%2Fcomments&post=26"}],"version-history":[{"count":8,"href":"https:\/\/www.newlearning.es\/index.php?rest_route=\/wp\/v2\/pages\/26\/revisions"}],"predecessor-version":[{"id":173,"href":"https:\/\/www.newlearning.es\/index.php?rest_route=\/wp\/v2\/pages\/26\/revisions\/173"}],"wp:attachment":[{"href":"https:\/\/www.newlearning.es\/index.php?rest_route=%2Fwp%2Fv2%2Fmedia&parent=26"}],"curies":[{"name":"wp","href":"https:\/\/api.w.org\/{rel}","templated":true}]}}