{"id":29,"date":"2012-03-13T16:38:08","date_gmt":"2012-03-13T16:38:08","guid":{"rendered":"http:\/\/www.newlearning.es\/?page_id=29"},"modified":"2019-05-23T16:28:24","modified_gmt":"2019-05-23T16:28:24","slug":"informatica","status":"publish","type":"page","link":"https:\/\/www.newlearning.es\/?page_id=29","title":{"rendered":"Rob\u00f3tica e Inform\u00e1tica"},"content":{"rendered":"<p>Grupos homog\u00e9neos en el nivel y la edad. Los ni\u00f1os aprenden inform\u00e1tica en un ambiente ameno y con la participaci\u00f3n activa de cada alumno: Entorno Windows 10, Office, programas de edici\u00f3n fotogr\u00e1fica, mecanograf\u00eda para ordenador, etc.<\/p>\n<p>Como novedad incorporamos el ingl\u00e9s en nuestras clases de inform\u00e1tica.<\/p>\n<p>El pensamiento l\u00f3gico es muy importante trabajarlo desde peque\u00f1os, es por eso, que hemos incorporado clases de rob\u00f3tica en las extraescolares de 12 a 13 h.<\/p>\n<p><span style=\"color: #000000;\">Desde este enlace pod\u00e9is&nbsp;ver lo que vamos trabajando<\/span><\/p>\n<p><strong><a href=\"http:\/\/roboticsnewlearning.blogspot.com.es\/\" target=\"_blank\" rel=\"noopener noreferrer\">http:\/\/roboticsnewlearning.blogspot.com.es\/<\/a><\/strong><\/p>\n","protected":false},"excerpt":{"rendered":"<p>Grupos homog\u00e9neos en el nivel y la edad. Los ni\u00f1os aprenden inform\u00e1tica en un ambiente ameno y con la participaci\u00f3n activa de cada alumno: Entorno Windows 10, Office, programas de edici\u00f3n fotogr\u00e1fica, mecanograf\u00eda para ordenador, etc. Como novedad incorporamos el &hellip; <a href=\"https:\/\/www.newlearning.es\/?page_id=29\">Sigue leyendo <span class=\"meta-nav\">&rarr;<\/span><\/a><\/p>\n","protected":false},"author":1,"featured_media":0,"parent":0,"menu_order":0,"comment_status":"closed","ping_status":"closed","template":"","meta":{"footnotes":""},"class_list":["post-29","page","type-page","status-publish","hentry"],"_links":{"self":[{"href":"https:\/\/www.newlearning.es\/index.php?rest_route=\/wp\/v2\/pages\/29","targetHints":{"allow":["GET"]}}],"collection":[{"href":"https:\/\/www.newlearning.es\/index.php?rest_route=\/wp\/v2\/pages"}],"about":[{"href":"https:\/\/www.newlearning.es\/index.php?rest_route=\/wp\/v2\/types\/page"}],"author":[{"embeddable":true,"href":"https:\/\/www.newlearning.es\/index.php?rest_route=\/wp\/v2\/users\/1"}],"replies":[{"embeddable":true,"href":"https:\/\/www.newlearning.es\/index.php?rest_route=%2Fwp%2Fv2%2Fcomments&post=29"}],"version-history":[{"count":10,"href":"https:\/\/www.newlearning.es\/index.php?rest_route=\/wp\/v2\/pages\/29\/revisions"}],"predecessor-version":[{"id":180,"href":"https:\/\/www.newlearning.es\/index.php?rest_route=\/wp\/v2\/pages\/29\/revisions\/180"}],"wp:attachment":[{"href":"https:\/\/www.newlearning.es\/index.php?rest_route=%2Fwp%2Fv2%2Fmedia&parent=29"}],"curies":[{"name":"wp","href":"https:\/\/api.w.org\/{rel}","templated":true}]}}