{"id":35,"date":"2012-03-13T16:40:58","date_gmt":"2012-03-13T16:40:58","guid":{"rendered":"http:\/\/www.newlearning.es\/?page_id=35"},"modified":"2019-05-23T16:15:09","modified_gmt":"2019-05-23T16:15:09","slug":"actividades-extraescolares","status":"publish","type":"page","link":"https:\/\/www.newlearning.es\/?page_id=35","title":{"rendered":"Actividades extraescolares"},"content":{"rendered":"<p>Durante el curso escolar, de octubre a mayo, en horario de 12.00h a 13.00h realizamos actividades extraescolarers que combinan la ense\u00f1anza de ingl\u00e9s, franc\u00e9s, inform\u00e1tica y rob\u00f3tica. El n\u00famero m\u00e1ximo por grupo es de siete estudiantes.<\/p>\n<p>Tambi\u00e9n realizamos cursos externos para programas de actividades extraescolares de colegios, guarder\u00edas y AMYPAS de Huesca o de la provincia.<\/p>\n<p>Por las tardes, de octubre a mayo, impartimos clases de ingl\u00e9s, franc\u00e9s, ciencias y t\u00e9cnicas de estudios. Atendemos a todos los niveles y disponemos de un amplio horario de clases.<\/p>\n<p>&nbsp;<\/p>\n<p>&nbsp;<\/p>\n","protected":false},"excerpt":{"rendered":"<p>Durante el curso escolar, de octubre a mayo, en horario de 12.00h a 13.00h realizamos actividades extraescolarers que combinan la ense\u00f1anza de ingl\u00e9s, franc\u00e9s, inform\u00e1tica y rob\u00f3tica. El n\u00famero m\u00e1ximo por grupo es de siete estudiantes. Tambi\u00e9n realizamos cursos externos &hellip; <a href=\"https:\/\/www.newlearning.es\/?page_id=35\">Sigue leyendo <span class=\"meta-nav\">&rarr;<\/span><\/a><\/p>\n","protected":false},"author":1,"featured_media":0,"parent":0,"menu_order":0,"comment_status":"closed","ping_status":"closed","template":"","meta":{"footnotes":""},"class_list":["post-35","page","type-page","status-publish","hentry"],"_links":{"self":[{"href":"https:\/\/www.newlearning.es\/index.php?rest_route=\/wp\/v2\/pages\/35","targetHints":{"allow":["GET"]}}],"collection":[{"href":"https:\/\/www.newlearning.es\/index.php?rest_route=\/wp\/v2\/pages"}],"about":[{"href":"https:\/\/www.newlearning.es\/index.php?rest_route=\/wp\/v2\/types\/page"}],"author":[{"embeddable":true,"href":"https:\/\/www.newlearning.es\/index.php?rest_route=\/wp\/v2\/users\/1"}],"replies":[{"embeddable":true,"href":"https:\/\/www.newlearning.es\/index.php?rest_route=%2Fwp%2Fv2%2Fcomments&post=35"}],"version-history":[{"count":13,"href":"https:\/\/www.newlearning.es\/index.php?rest_route=\/wp\/v2\/pages\/35\/revisions"}],"predecessor-version":[{"id":138,"href":"https:\/\/www.newlearning.es\/index.php?rest_route=\/wp\/v2\/pages\/35\/revisions\/138"}],"wp:attachment":[{"href":"https:\/\/www.newlearning.es\/index.php?rest_route=%2Fwp%2Fv2%2Fmedia&parent=35"}],"curies":[{"name":"wp","href":"https:\/\/api.w.org\/{rel}","templated":true}]}}